{"id":703,"date":"2025-10-10T11:19:00","date_gmt":"2025-10-10T09:19:00","guid":{"rendered":"https:\/\/dojozencastello.es\/taisen-deshimaru\/"},"modified":"2026-04-21T12:42:58","modified_gmt":"2026-04-21T10:42:58","slug":"taisen-deshimaru","status":"publish","type":"page","link":"https:\/\/dojozencastello.es\/es\/taisen-deshimaru\/","title":{"rendered":"Taisen Deshimaru"},"content":{"rendered":"\n<p class=\"wp-block-paragraph\">Taisen Deshimaru (1914\u20131982) fue un maestro Zen japon\u00e9s, reconocido como el principal responsable de la difusi\u00f3n y establecimiento del Zen S\u014dt\u014d en Europa durante el siglo XX.<\/p>\n\n<p class=\"wp-block-paragraph\">Disc\u00edpulo del maestro K\u014dd\u014d Sawaki, fue ordenado monje poco antes de la muerte de su maestro, recibiendo el encargo de exportar el Zen a Occidente. En 1967 lleg\u00f3 a Par\u00eds y dedic\u00f3 el resto de su vida a ense\u00f1ar la pr\u00e1ctica del Zazen (meditaci\u00f3n sentada), que \u00e9l llamaba la \u00abm\u00e9dula\u00bb del Zen. Fund\u00f3 numerosos d\u014dj\u014ds y el primer gran templo Zen europeo (La Gendronni\u00e8re). Su labor fue crucial para conectar la tradici\u00f3n oriental con la mentalidad occidental.   <\/p>\n","protected":false},"excerpt":{"rendered":"<p>Taisen Deshimaru (1914\u20131982) fue un maestro Zen japon\u00e9s, reconocido como el principal responsable de la difusi\u00f3n y establecimiento del Zen S\u014dt\u014d en Europa durante el siglo XX. Disc\u00edpulo del maestro K\u014dd\u014d Sawaki, fue ordenado monje poco antes de la muerte de su maestro, recibiendo el encargo de exportar el Zen a Occidente. En 1967 lleg\u00f3 [&hellip;]<\/p>\n","protected":false},"author":1,"featured_media":699,"parent":0,"menu_order":0,"comment_status":"closed","ping_status":"closed","template":"","meta":{"_crdt_document":"","footnotes":""},"class_list":["post-703","page","type-page","status-publish","has-post-thumbnail","hentry"],"jetpack_sharing_enabled":true,"_links":{"self":[{"href":"https:\/\/dojozencastello.es\/es\/wp-json\/wp\/v2\/pages\/703","targetHints":{"allow":["GET"]}}],"collection":[{"href":"https:\/\/dojozencastello.es\/es\/wp-json\/wp\/v2\/pages"}],"about":[{"href":"https:\/\/dojozencastello.es\/es\/wp-json\/wp\/v2\/types\/page"}],"author":[{"embeddable":true,"href":"https:\/\/dojozencastello.es\/es\/wp-json\/wp\/v2\/users\/1"}],"replies":[{"embeddable":true,"href":"https:\/\/dojozencastello.es\/es\/wp-json\/wp\/v2\/comments?post=703"}],"version-history":[{"count":1,"href":"https:\/\/dojozencastello.es\/es\/wp-json\/wp\/v2\/pages\/703\/revisions"}],"predecessor-version":[{"id":704,"href":"https:\/\/dojozencastello.es\/es\/wp-json\/wp\/v2\/pages\/703\/revisions\/704"}],"wp:featuredmedia":[{"embeddable":true,"href":"https:\/\/dojozencastello.es\/es\/wp-json\/wp\/v2\/media\/699"}],"wp:attachment":[{"href":"https:\/\/dojozencastello.es\/es\/wp-json\/wp\/v2\/media?parent=703"}],"curies":[{"name":"wp","href":"https:\/\/api.w.org\/{rel}","templated":true}]}}