{"id":689,"date":"2025-10-10T11:28:36","date_gmt":"2025-10-10T09:28:36","guid":{"rendered":"https:\/\/dojozencastello.es\/lluis-nansen-salas\/"},"modified":"2026-04-21T12:38:59","modified_gmt":"2026-04-21T10:38:59","slug":"lluis-nansen-salas","status":"publish","type":"page","link":"https:\/\/dojozencastello.es\/es\/lluis-nansen-salas\/","title":{"rendered":"Llu\u00eds Nansen Salas"},"content":{"rendered":"\n<p class=\"wp-block-paragraph\">Llu\u00eds Nansen Salas (Barcelona, 1965) es un maestro Zen de la escuela S\u014dt\u014d. Licenciado en F\u00edsica Te\u00f3rica, combina esta formaci\u00f3n cient\u00edfica con la profundidad del Zen en sus ense\u00f1anzas. <\/p>\n\n<p class=\"wp-block-paragraph\">Inici\u00f3 la pr\u00e1ctica de la meditaci\u00f3n en 1991 y recibi\u00f3 la ordenaci\u00f3n de monje en 1995. En 2016 recibi\u00f3 la transmisi\u00f3n del Dharma de su maestro Roland Yuno Rech, que lo estableci\u00f3 como maestro Zen. Es el fundador y director del Dojo Zen Barcelona Kannon desde 2008, donde imparte cursos de Zazen y Mindfulness Zen. Su labor se centra en ense\u00f1ar la V\u00eda de Buda en Occidente, haciendo accesible la pr\u00e1ctica de la atenci\u00f3n plena.   <\/p>\n","protected":false},"excerpt":{"rendered":"<p>Llu\u00eds Nansen Salas (Barcelona, 1965) es un maestro Zen de la escuela S\u014dt\u014d. Licenciado en F\u00edsica Te\u00f3rica, combina esta formaci\u00f3n cient\u00edfica con la profundidad del Zen en sus ense\u00f1anzas. Inici\u00f3 la pr\u00e1ctica de la meditaci\u00f3n en 1991 y recibi\u00f3 la ordenaci\u00f3n de monje en 1995. En 2016 recibi\u00f3 la transmisi\u00f3n del Dharma de su maestro [&hellip;]<\/p>\n","protected":false},"author":1,"featured_media":633,"parent":0,"menu_order":0,"comment_status":"closed","ping_status":"closed","template":"","meta":{"_crdt_document":"","footnotes":""},"class_list":["post-689","page","type-page","status-publish","has-post-thumbnail","hentry"],"jetpack_sharing_enabled":true,"_links":{"self":[{"href":"https:\/\/dojozencastello.es\/es\/wp-json\/wp\/v2\/pages\/689","targetHints":{"allow":["GET"]}}],"collection":[{"href":"https:\/\/dojozencastello.es\/es\/wp-json\/wp\/v2\/pages"}],"about":[{"href":"https:\/\/dojozencastello.es\/es\/wp-json\/wp\/v2\/types\/page"}],"author":[{"embeddable":true,"href":"https:\/\/dojozencastello.es\/es\/wp-json\/wp\/v2\/users\/1"}],"replies":[{"embeddable":true,"href":"https:\/\/dojozencastello.es\/es\/wp-json\/wp\/v2\/comments?post=689"}],"version-history":[{"count":1,"href":"https:\/\/dojozencastello.es\/es\/wp-json\/wp\/v2\/pages\/689\/revisions"}],"predecessor-version":[{"id":690,"href":"https:\/\/dojozencastello.es\/es\/wp-json\/wp\/v2\/pages\/689\/revisions\/690"}],"wp:featuredmedia":[{"embeddable":true,"href":"https:\/\/dojozencastello.es\/es\/wp-json\/wp\/v2\/media\/633"}],"wp:attachment":[{"href":"https:\/\/dojozencastello.es\/es\/wp-json\/wp\/v2\/media?parent=689"}],"curies":[{"name":"wp","href":"https:\/\/api.w.org\/{rel}","templated":true}]}}