{"id":685,"date":"2025-10-19T19:08:14","date_gmt":"2025-10-19T17:08:14","guid":{"rendered":"https:\/\/dojozencastello.es\/politica-de-privacidad\/"},"modified":"2026-04-21T12:36:29","modified_gmt":"2026-04-21T10:36:29","slug":"politica-de-privacidad","status":"publish","type":"page","link":"https:\/\/dojozencastello.es\/es\/politica-de-privacidad\/","title":{"rendered":"Pol\u00edtica de privacidad"},"content":{"rendered":"\n<p class=\"wp-block-paragraph\">Os informamos de que al facilitar vuestros datos de car\u00e1cter personal de forma libre y voluntaria por correo electr\u00f3nico, tel\u00e9fono o a trav\u00e9s del formulario de Contacto ubicado en el sitio web dojozencastello.es, prest\u00e1is vuestro consentimiento libre, inequ\u00edvoco, espec\u00edfico e informado para el tratamiento de vuestros datos de car\u00e1cter personal con la finalidad de atender vuestra solicitud.<\/p>\n\n<p class=\"has-x-large-font-size wp-block-paragraph\"><strong>Informaci\u00f3n personal identificable<\/strong><\/p>\n\n<p class=\"wp-block-paragraph\">En cumplimiento de lo establecido en la Ley Org\u00e1nica 15\/1999, de 13 de diciembre, de Protecci\u00f3n de Datos de Car\u00e1cter Personal, os informamos de que los datos personales recogidos en este sitio web formar\u00e1n parte de un fichero que se encuentra bajo la titularidad y responsabilidad de Vicent-Juli\u00e0 Breva Sal\u00e1s \u2013 Calle Barrachina 75 \u2013 12000 Castell\u00f3n. El usuario podr\u00e1 dirigirse a \u00e9l para ejercer sus derechos de acceso, rectificaci\u00f3n, cancelaci\u00f3n y oposici\u00f3n enviando un correo electr\u00f3nico a dojozencastello@gmail.com, adjuntando fotocopia del DNI e indicando el derecho que se pretende ejercitar. <\/p>\n\n<p class=\"has-x-large-font-size wp-block-paragraph\"><strong>\u00bfQu\u00e9 datos personales se recogen?<\/strong><\/p>\n\n<p class=\"wp-block-paragraph\">Podemos recopilar informaci\u00f3n b\u00e1sica sobre el perfil de usuario de todos nuestros visitantes. Recopilamos la siguiente informaci\u00f3n adicional de nuestros usuarios: nombre, tel\u00e9fono y direcci\u00f3n de correo electr\u00f3nico. <\/p>\n\n<p class=\"has-x-large-font-size wp-block-paragraph\"><strong>Destinatarios:<\/strong><\/p>\n\n<p class=\"wp-block-paragraph\">No se contemplan cesiones de datos.<\/p>\n\n<p class=\"has-x-large-font-size wp-block-paragraph\"><strong>Finalidad del tratamiento:<\/strong><\/p>\n\n<p class=\"wp-block-paragraph\">Contar con vuestros datos de contacto es necesario para poder hacer uso de las comunicaciones del dojo a efectos de enviaros informaci\u00f3n relativa a eventos que se lleven a cabo en relaci\u00f3n con la pr\u00e1ctica.<\/p>\n\n<p class=\"has-x-large-font-size wp-block-paragraph\"><strong>\u00bfC\u00f3mo se almacena la informaci\u00f3n de identificaci\u00f3n personal?<\/strong><\/p>\n\n<p class=\"wp-block-paragraph\">Los datos personales recogidos por Dojo Zen Castell\u00f3 se almacenan de manera segura y no son accesibles a terceros excepto para el uso indicado anteriormente.<br\/><\/p>\n\n<p class=\"has-x-large-font-size wp-block-paragraph\"><strong>Derechos del interesado:<\/strong><\/p>\n\n<p class=\"wp-block-paragraph\">Usted tiene derecho a acceder, rectificar y suprimir los datos, limitar el tratamiento, oponerse al tratamiento y ejercer su derecho a la portabilidad de los datos de car\u00e1cter personal, todo ello de forma gratuita.<\/p>\n\n<p class=\"has-x-large-font-size wp-block-paragraph\"><strong>Cookie de Google AdSense y DoubleClick<\/strong><\/p>\n\n<p class=\"wp-block-paragraph\">Google, como proveedor externo, utiliza cookies para publicitar nuestro servicio.<\/p>\n\n<p class=\"has-x-large-font-size wp-block-paragraph\"><strong>Cookies<\/strong><\/p>\n\n<p class=\"wp-block-paragraph\">Una cookie es una cadena de informaci\u00f3n que un sitio web almacena en el ordenador de un visitante, y que el navegador del visitante proporciona al sitio web cada vez que el visitante regresa. Utilizamos \u00abcookies\u00bb para recopilar informaci\u00f3n. Pod\u00e9is configurar vuestro navegador para que rechace todas las cookies o para que os indique cu\u00e1ndo se env\u00eda una cookie. Sin embargo, si no acept\u00e1is las cookies, es posible que no pod\u00e1is utilizar algunas partes de nuestro Servicio.   <\/p>\n\n<p class=\"has-x-large-font-size wp-block-paragraph\"><strong>Privacidad infantil<\/strong><\/p>\n\n<p class=\"wp-block-paragraph\">Nuestro Servicio no est\u00e1 dirigido a \u00abNi\u00f1os\u00bb, cualquier persona menor de 18 a\u00f1os, y no recopilamos conscientemente informaci\u00f3n personal identificable de ni\u00f1os menores de 18 a\u00f1os. Si sois padre, madre o tutor y ten\u00e9is conocimiento de que vuestro hijo nos ha proporcionado informaci\u00f3n personal, poneos en contacto con nosotros inmediatamente a trav\u00e9s de los datos de contacto facilitados. Si tenemos conocimiento de que alg\u00fan menor de 18 a\u00f1os nos ha proporcionado informaci\u00f3n personal, la eliminaremos inmediatamente de nuestros servidores.  <\/p>\n\n<p class=\"has-x-large-font-size wp-block-paragraph\"><strong>Enlaces<\/strong><\/p>\n\n<p class=\"wp-block-paragraph\">https:\/\/dojozencastello.es contiene enlaces a otros sitios web. Tened en cuenta que, al hacer clic en uno de estos enlaces, acceder\u00e9is a otro sitio web. Os recomendamos que le\u00e1is las declaraciones de privacidad de estos sitios enlazados, ya que sus pol\u00edticas de privacidad pueden diferir de las nuestras.  <\/p>\n\n<p class=\"has-x-large-font-size wp-block-paragraph\"><strong>Cont\u00e1ctanos<\/strong><\/p>\n\n<p class=\"wp-block-paragraph\">Si ten\u00e9is alguna pregunta sobre esta Pol\u00edtica de privacidad, poneos en contacto con nosotros en dojozencastello@gmail.com<\/p>\n\n<p class=\"wp-block-paragraph\"><\/p>\n","protected":false},"excerpt":{"rendered":"<p>Os informamos de que al facilitar vuestros datos de car\u00e1cter personal de forma libre y voluntaria por correo electr\u00f3nico, tel\u00e9fono o a trav\u00e9s del formulario de Contacto ubicado en el sitio web dojozencastello.es, prest\u00e1is vuestro consentimiento libre, inequ\u00edvoco, espec\u00edfico e informado para el tratamiento de vuestros datos de car\u00e1cter personal con la finalidad de atender [&hellip;]<\/p>\n","protected":false},"author":1,"featured_media":0,"parent":0,"menu_order":0,"comment_status":"closed","ping_status":"closed","template":"","meta":{"_crdt_document":"","footnotes":""},"class_list":["post-685","page","type-page","status-publish","hentry"],"jetpack_sharing_enabled":true,"_links":{"self":[{"href":"https:\/\/dojozencastello.es\/es\/wp-json\/wp\/v2\/pages\/685","targetHints":{"allow":["GET"]}}],"collection":[{"href":"https:\/\/dojozencastello.es\/es\/wp-json\/wp\/v2\/pages"}],"about":[{"href":"https:\/\/dojozencastello.es\/es\/wp-json\/wp\/v2\/types\/page"}],"author":[{"embeddable":true,"href":"https:\/\/dojozencastello.es\/es\/wp-json\/wp\/v2\/users\/1"}],"replies":[{"embeddable":true,"href":"https:\/\/dojozencastello.es\/es\/wp-json\/wp\/v2\/comments?post=685"}],"version-history":[{"count":1,"href":"https:\/\/dojozencastello.es\/es\/wp-json\/wp\/v2\/pages\/685\/revisions"}],"predecessor-version":[{"id":686,"href":"https:\/\/dojozencastello.es\/es\/wp-json\/wp\/v2\/pages\/685\/revisions\/686"}],"wp:attachment":[{"href":"https:\/\/dojozencastello.es\/es\/wp-json\/wp\/v2\/media?parent=685"}],"curies":[{"name":"wp","href":"https:\/\/api.w.org\/{rel}","templated":true}]}}