{"id":682,"date":"2025-10-10T11:26:21","date_gmt":"2025-10-10T09:26:21","guid":{"rendered":"https:\/\/dojozencastello.es\/roland-yuno-rech\/"},"modified":"2026-04-21T12:32:56","modified_gmt":"2026-04-21T10:32:56","slug":"roland-yuno-rech","status":"publish","type":"page","link":"https:\/\/dojozencastello.es\/es\/roland-yuno-rech\/","title":{"rendered":"Roland Yuno Rech"},"content":{"rendered":"\n<p class=\"wp-block-paragraph\">Roland Yuno Rech (Par\u00eds, 1944) es un maestro Zen franc\u00e9s, perteneciente al linaje S\u014dt\u014d. Es uno de los principales disc\u00edpulos de Taisen Deshimaru, a quien conoci\u00f3 en 1972 y de quien recibi\u00f3 la ordenaci\u00f3n de monje en 1974. <\/p>\n\n<p class=\"wp-block-paragraph\">Tras la muerte de Deshimaru recibi\u00f3 la transmisi\u00f3n del Dharma del maestro Niwa Zenji en 1984, continuando su labor de difusi\u00f3n del Zen en Europa. Dirige el templo Zen Gy\u014dbutsuji en Niza y es vicepresidente de la Asociaci\u00f3n Zen Internacional (AZI). Su trabajo se centra en la pr\u00e1ctica del zazen y la aplicaci\u00f3n de las ense\u00f1anzas budistas a la vida cotidiana.  <\/p>\n","protected":false},"excerpt":{"rendered":"<p>Roland Yuno Rech (Par\u00eds, 1944) es un maestro Zen franc\u00e9s, perteneciente al linaje S\u014dt\u014d. Es uno de los principales disc\u00edpulos de Taisen Deshimaru, a quien conoci\u00f3 en 1972 y de quien recibi\u00f3 la ordenaci\u00f3n de monje en 1974. Tras la muerte de Deshimaru recibi\u00f3 la transmisi\u00f3n del Dharma del maestro Niwa Zenji en 1984, continuando [&hellip;]<\/p>\n","protected":false},"author":1,"featured_media":632,"parent":0,"menu_order":0,"comment_status":"closed","ping_status":"closed","template":"","meta":{"_crdt_document":"","footnotes":""},"class_list":["post-682","page","type-page","status-publish","has-post-thumbnail","hentry"],"jetpack_sharing_enabled":true,"_links":{"self":[{"href":"https:\/\/dojozencastello.es\/es\/wp-json\/wp\/v2\/pages\/682","targetHints":{"allow":["GET"]}}],"collection":[{"href":"https:\/\/dojozencastello.es\/es\/wp-json\/wp\/v2\/pages"}],"about":[{"href":"https:\/\/dojozencastello.es\/es\/wp-json\/wp\/v2\/types\/page"}],"author":[{"embeddable":true,"href":"https:\/\/dojozencastello.es\/es\/wp-json\/wp\/v2\/users\/1"}],"replies":[{"embeddable":true,"href":"https:\/\/dojozencastello.es\/es\/wp-json\/wp\/v2\/comments?post=682"}],"version-history":[{"count":1,"href":"https:\/\/dojozencastello.es\/es\/wp-json\/wp\/v2\/pages\/682\/revisions"}],"predecessor-version":[{"id":683,"href":"https:\/\/dojozencastello.es\/es\/wp-json\/wp\/v2\/pages\/682\/revisions\/683"}],"wp:featuredmedia":[{"embeddable":true,"href":"https:\/\/dojozencastello.es\/es\/wp-json\/wp\/v2\/media\/632"}],"wp:attachment":[{"href":"https:\/\/dojozencastello.es\/es\/wp-json\/wp\/v2\/media?parent=682"}],"curies":[{"name":"wp","href":"https:\/\/api.w.org\/{rel}","templated":true}]}}