{"id":677,"date":"2025-10-10T11:15:47","date_gmt":"2025-10-10T09:15:47","guid":{"rendered":"https:\/\/dojozencastello.es\/kodo-sawaki\/"},"modified":"2026-04-21T12:26:32","modified_gmt":"2026-04-21T10:26:32","slug":"kodo-sawaki","status":"publish","type":"page","link":"https:\/\/dojozencastello.es\/es\/kodo-sawaki\/","title":{"rendered":"Kodo Sawaki"},"content":{"rendered":"\n<p class=\"wp-block-paragraph\">K\u014dd\u014d Sawaki (1880\u20131965) fue un influyente y carism\u00e1tico maestro Zen japon\u00e9s de la escuela S\u014dt\u014d, considerado uno de los m\u00e1s importantes del siglo XX.<\/p>\n\n<p class=\"wp-block-paragraph\">Vivi\u00f3 una infancia dif\u00edcil, quedando hu\u00e9rfano muy pronto, pero dedic\u00f3 su vida a revitalizar la pr\u00e1ctica de la meditaci\u00f3n (Zazen) en Jap\u00f3n. Se le conoc\u00eda como \u00abK\u014dd\u014d sin hogar\u00bb (Musei K\u014dd\u014d) porque rechaz\u00f3 instalarse en un templo, prefiriendo viajar por todo el pa\u00eds organizando sesshin (retiros de meditaci\u00f3n) y ense\u00f1ando a monjes y laicos, tanto en universidades como en prisiones. Enfatiz\u00f3 la pr\u00e1ctica del Zazen como el eje central y esencial de la existencia.<\/p>\n","protected":false},"excerpt":{"rendered":"<p>K\u014dd\u014d Sawaki (1880\u20131965) fue un influyente y carism\u00e1tico maestro Zen japon\u00e9s de la escuela S\u014dt\u014d, considerado uno de los m\u00e1s importantes del siglo XX. Vivi\u00f3 una infancia dif\u00edcil, quedando hu\u00e9rfano muy pronto, pero dedic\u00f3 su vida a revitalizar la pr\u00e1ctica de la meditaci\u00f3n (Zazen) en Jap\u00f3n. Se le conoc\u00eda como \u00abK\u014dd\u014d sin hogar\u00bb (Musei K\u014dd\u014d) [&hellip;]<\/p>\n","protected":false},"author":1,"featured_media":675,"parent":0,"menu_order":0,"comment_status":"closed","ping_status":"closed","template":"","meta":{"_crdt_document":"","footnotes":""},"class_list":["post-677","page","type-page","status-publish","has-post-thumbnail","hentry"],"jetpack_sharing_enabled":true,"_links":{"self":[{"href":"https:\/\/dojozencastello.es\/es\/wp-json\/wp\/v2\/pages\/677","targetHints":{"allow":["GET"]}}],"collection":[{"href":"https:\/\/dojozencastello.es\/es\/wp-json\/wp\/v2\/pages"}],"about":[{"href":"https:\/\/dojozencastello.es\/es\/wp-json\/wp\/v2\/types\/page"}],"author":[{"embeddable":true,"href":"https:\/\/dojozencastello.es\/es\/wp-json\/wp\/v2\/users\/1"}],"replies":[{"embeddable":true,"href":"https:\/\/dojozencastello.es\/es\/wp-json\/wp\/v2\/comments?post=677"}],"version-history":[{"count":1,"href":"https:\/\/dojozencastello.es\/es\/wp-json\/wp\/v2\/pages\/677\/revisions"}],"predecessor-version":[{"id":678,"href":"https:\/\/dojozencastello.es\/es\/wp-json\/wp\/v2\/pages\/677\/revisions\/678"}],"wp:featuredmedia":[{"embeddable":true,"href":"https:\/\/dojozencastello.es\/es\/wp-json\/wp\/v2\/media\/675"}],"wp:attachment":[{"href":"https:\/\/dojozencastello.es\/es\/wp-json\/wp\/v2\/media?parent=677"}],"curies":[{"name":"wp","href":"https:\/\/api.w.org\/{rel}","templated":true}]}}