{"id":642,"date":"2025-10-10T09:21:31","date_gmt":"2025-10-10T07:21:31","guid":{"rendered":"https:\/\/dojozencastello.es\/dogen\/"},"modified":"2026-04-21T12:19:23","modified_gmt":"2026-04-21T10:19:23","slug":"dogen","status":"publish","type":"page","link":"https:\/\/dojozencastello.es\/es\/dogen\/","title":{"rendered":"Dogen"},"content":{"rendered":"\n<p class=\"wp-block-paragraph\">D\u014dgen Zenji (1200\u20131253) es el fundador de la escuela Soto Zen en Jap\u00f3n. Tras cuestionarse la pr\u00e1ctica budista, viaj\u00f3 a China, donde recibi\u00f3 la transmisi\u00f3n del linaje Soto.<\/p>\n\n<p class=\"wp-block-paragraph\">Su ense\u00f1anza clave es el Shikantaza (\u00absimplemente sentarse\u00bb), la pr\u00e1ctica del zazen sin objetivo, donde la pr\u00e1ctica es la realizaci\u00f3n de la iluminaci\u00f3n en s\u00ed misma. D\u014dgen condens\u00f3 su filosof\u00eda en el monumental Sh\u014db\u014dgenz\u014d (El Tesoro del Ojo del Dharma Verdadero) Es venerado como uno de los pensadores religiosos m\u00e1s profundos de Jap\u00f3n, destacando la importancia de la pr\u00e1ctica diaria en todos los aspectos de la vida.<\/p>\n","protected":false},"excerpt":{"rendered":"<p>D\u014dgen Zenji (1200\u20131253) es el fundador de la escuela Soto Zen en Jap\u00f3n. Tras cuestionarse la pr\u00e1ctica budista, viaj\u00f3 a China, donde recibi\u00f3 la transmisi\u00f3n del linaje Soto. Su ense\u00f1anza clave es el Shikantaza (\u00absimplemente sentarse\u00bb), la pr\u00e1ctica del zazen sin objetivo, donde la pr\u00e1ctica es la realizaci\u00f3n de la iluminaci\u00f3n en s\u00ed misma. D\u014dgen [&hellip;]<\/p>\n","protected":false},"author":1,"featured_media":631,"parent":0,"menu_order":0,"comment_status":"closed","ping_status":"closed","template":"","meta":{"_crdt_document":"","footnotes":""},"class_list":["post-642","page","type-page","status-publish","has-post-thumbnail","hentry"],"jetpack_sharing_enabled":true,"_links":{"self":[{"href":"https:\/\/dojozencastello.es\/es\/wp-json\/wp\/v2\/pages\/642","targetHints":{"allow":["GET"]}}],"collection":[{"href":"https:\/\/dojozencastello.es\/es\/wp-json\/wp\/v2\/pages"}],"about":[{"href":"https:\/\/dojozencastello.es\/es\/wp-json\/wp\/v2\/types\/page"}],"author":[{"embeddable":true,"href":"https:\/\/dojozencastello.es\/es\/wp-json\/wp\/v2\/users\/1"}],"replies":[{"embeddable":true,"href":"https:\/\/dojozencastello.es\/es\/wp-json\/wp\/v2\/comments?post=642"}],"version-history":[{"count":1,"href":"https:\/\/dojozencastello.es\/es\/wp-json\/wp\/v2\/pages\/642\/revisions"}],"predecessor-version":[{"id":643,"href":"https:\/\/dojozencastello.es\/es\/wp-json\/wp\/v2\/pages\/642\/revisions\/643"}],"wp:featuredmedia":[{"embeddable":true,"href":"https:\/\/dojozencastello.es\/es\/wp-json\/wp\/v2\/media\/631"}],"wp:attachment":[{"href":"https:\/\/dojozencastello.es\/es\/wp-json\/wp\/v2\/media?parent=642"}],"curies":[{"name":"wp","href":"https:\/\/api.w.org\/{rel}","templated":true}]}}