{"id":630,"date":"2025-10-10T09:16:20","date_gmt":"2025-10-10T07:16:20","guid":{"rendered":"https:\/\/dojozencastello.es\/buda-sakyamuni\/"},"modified":"2026-04-21T12:17:12","modified_gmt":"2026-04-21T10:17:12","slug":"buda-sakyamuni","status":"publish","type":"page","link":"https:\/\/dojozencastello.es\/es\/buda-sakyamuni\/","title":{"rendered":"Buda Sakyamuni"},"content":{"rendered":"\n<p class=\"wp-block-paragraph\">Buda \u015a\u0101kyamuni es la figura central del budismo, el Buda hist\u00f3rico. Naci\u00f3 como el pr\u00edncipe Siddhartha Gautama en el norte de la India en el siglo VI aC.Va n\u00e9ixer com el pr\u00edncep Siddhartha Gautama al nord de l&#8217;\u00cdndia al segle VI aC.<\/p>\n\n<p class=\"wp-block-paragraph\">Tras vivir rodeado de lujo, se percat\u00f3 del sufrimiento (vejez, enfermedad y muerte) y renunci\u00f3 a su vida palaciega a los 29 a\u00f1os en busca de la verdad. Mediante la meditaci\u00f3n profunda, logr\u00f3 la Iluminaci\u00f3n (el despertar) bajo un \u00e1rbol Bodhi. A partir de ese momento, fue conocido como el Buda (\u00abEl Despierto\u00bb) y dedic\u00f3 el resto de su vida a ense\u00f1ar el Dharma (las Cuatro Nobles Verdades y el Noble Camino \u00d3ctuple) como camino hacia el fin del sufrimiento.<\/p>\n","protected":false},"excerpt":{"rendered":"<p>Buda \u015a\u0101kyamuni es la figura central del budismo, el Buda hist\u00f3rico. Naci\u00f3 como el pr\u00edncipe Siddhartha Gautama en el norte de la India en el siglo VI aC.Va n\u00e9ixer com el pr\u00edncep Siddhartha Gautama al nord de l&#8217;\u00cdndia al segle VI aC. Tras vivir rodeado de lujo, se percat\u00f3 del sufrimiento (vejez, enfermedad y muerte) [&hellip;]<\/p>\n","protected":false},"author":1,"featured_media":629,"parent":0,"menu_order":0,"comment_status":"closed","ping_status":"closed","template":"","meta":{"_crdt_document":"","footnotes":""},"class_list":["post-630","page","type-page","status-publish","has-post-thumbnail","hentry"],"jetpack_sharing_enabled":true,"_links":{"self":[{"href":"https:\/\/dojozencastello.es\/es\/wp-json\/wp\/v2\/pages\/630","targetHints":{"allow":["GET"]}}],"collection":[{"href":"https:\/\/dojozencastello.es\/es\/wp-json\/wp\/v2\/pages"}],"about":[{"href":"https:\/\/dojozencastello.es\/es\/wp-json\/wp\/v2\/types\/page"}],"author":[{"embeddable":true,"href":"https:\/\/dojozencastello.es\/es\/wp-json\/wp\/v2\/users\/1"}],"replies":[{"embeddable":true,"href":"https:\/\/dojozencastello.es\/es\/wp-json\/wp\/v2\/comments?post=630"}],"version-history":[{"count":3,"href":"https:\/\/dojozencastello.es\/es\/wp-json\/wp\/v2\/pages\/630\/revisions"}],"predecessor-version":[{"id":636,"href":"https:\/\/dojozencastello.es\/es\/wp-json\/wp\/v2\/pages\/630\/revisions\/636"}],"wp:featuredmedia":[{"embeddable":true,"href":"https:\/\/dojozencastello.es\/es\/wp-json\/wp\/v2\/media\/629"}],"wp:attachment":[{"href":"https:\/\/dojozencastello.es\/es\/wp-json\/wp\/v2\/media?parent=630"}],"curies":[{"name":"wp","href":"https:\/\/api.w.org\/{rel}","templated":true}]}}