{"id":561,"date":"2025-10-10T09:19:29","date_gmt":"2025-10-10T07:19:29","guid":{"rendered":"https:\/\/dojozencastello.es\/bodhidharma\/"},"modified":"2026-03-09T21:20:11","modified_gmt":"2026-03-09T20:20:11","slug":"bodhidharma","status":"publish","type":"page","link":"https:\/\/dojozencastello.es\/es\/bodhidharma\/","title":{"rendered":"Bodhidharma"},"content":{"rendered":"\n<p class=\"wp-block-paragraph\">Bodhidharma fue un monje budista indio (tradicionalmente el 28.\u00ba Patriarca) al que se le atribuye la introducci\u00f3n del budismo Chan en China en el siglo VI d.C. El Chan, m\u00e1s tarde conocido en Jap\u00f3n como Zen, lo considera su Primer Patriarca.<\/p>\n\n<p class=\"wp-block-paragraph\">Su figura est\u00e1 rodeada de leyendas; la m\u00e1s famosa relata el encuentro con el Emperador Wu y la posterior meditaci\u00f3n de nueve a\u00f1os \u00abfrente a un muro\u00bb. Su ense\u00f1anza se centr\u00f3 en la realizaci\u00f3n directa de la mente de Buda inherente, sin depender de las escrituras ni rituales, resumi\u00e9ndolo en \u00abapuntar directamente al coraz\u00f3n del hombre\u00bb. Tambi\u00e9n se le vincula a la transmisi\u00f3n de las artes marciales a los monjes de Shaolin.<\/p>\n","protected":false},"excerpt":{"rendered":"<p>Bodhidharma fue un monje budista indio (tradicionalmente el 28.\u00ba Patriarca) al que se le atribuye la introducci\u00f3n del budismo Chan en China en el siglo VI d.C. El Chan, m\u00e1s tarde conocido en Jap\u00f3n como Zen, lo considera su Primer Patriarca. Su figura est\u00e1 rodeada de leyendas; la m\u00e1s famosa relata el encuentro con el [&hellip;]<\/p>\n","protected":false},"author":1,"featured_media":557,"parent":0,"menu_order":0,"comment_status":"closed","ping_status":"closed","template":"","meta":{"_crdt_document":"","footnotes":""},"class_list":["post-561","page","type-page","status-publish","has-post-thumbnail","hentry"],"jetpack_sharing_enabled":true,"_links":{"self":[{"href":"https:\/\/dojozencastello.es\/es\/wp-json\/wp\/v2\/pages\/561","targetHints":{"allow":["GET"]}}],"collection":[{"href":"https:\/\/dojozencastello.es\/es\/wp-json\/wp\/v2\/pages"}],"about":[{"href":"https:\/\/dojozencastello.es\/es\/wp-json\/wp\/v2\/types\/page"}],"author":[{"embeddable":true,"href":"https:\/\/dojozencastello.es\/es\/wp-json\/wp\/v2\/users\/1"}],"replies":[{"embeddable":true,"href":"https:\/\/dojozencastello.es\/es\/wp-json\/wp\/v2\/comments?post=561"}],"version-history":[{"count":1,"href":"https:\/\/dojozencastello.es\/es\/wp-json\/wp\/v2\/pages\/561\/revisions"}],"predecessor-version":[{"id":562,"href":"https:\/\/dojozencastello.es\/es\/wp-json\/wp\/v2\/pages\/561\/revisions\/562"}],"wp:featuredmedia":[{"embeddable":true,"href":"https:\/\/dojozencastello.es\/es\/wp-json\/wp\/v2\/media\/557"}],"wp:attachment":[{"href":"https:\/\/dojozencastello.es\/es\/wp-json\/wp\/v2\/media?parent=561"}],"curies":[{"name":"wp","href":"https:\/\/api.w.org\/{rel}","templated":true}]}}